{"id":154,"date":"2024-04-12T21:52:17","date_gmt":"2024-04-12T19:52:17","guid":{"rendered":"https:\/\/perleesteticamedica.com\/?page_id=154"},"modified":"2024-05-21T00:53:38","modified_gmt":"2024-05-20T22:53:38","slug":"quienes-somos","status":"publish","type":"page","link":"https:\/\/perleesteticamedica.com\/en\/quienes-somos\/","title":{"rendered":"About us"},"content":{"rendered":"<div data-elementor-type=\"wp-page\" data-elementor-id=\"154\" class=\"elementor elementor-154\">\n\t\t\t\t<div class=\"elementor-element elementor-element-01d281d e-flex e-con-boxed e-con e-parent\" data-id=\"01d281d\" data-element_type=\"container\" data-settings=\"{&quot;background_background&quot;:&quot;classic&quot;}\">\n\t\t\t\t\t<div class=\"e-con-inner\">\n\t\t\t\t<div class=\"elementor-element elementor-element-eda11d0 elementor-widget elementor-widget-heading\" data-id=\"eda11d0\" data-element_type=\"widget\" data-widget_type=\"heading.default\">\n\t\t\t\t<div class=\"elementor-widget-container\">\n\t\t\t\t\t<h2 class=\"elementor-heading-title elementor-size-default\">About us<\/h2>\t\t\t\t<\/div>\n\t\t\t\t<\/div>\n\t\t<div class=\"elementor-element elementor-element-aba7555 e-con-full e-flex e-con e-child\" data-id=\"aba7555\" data-element_type=\"container\">\n\t\t\t\t<div class=\"elementor-element elementor-element-007d2bf elementor-widget__width-initial elementor-widget elementor-widget-text-editor\" data-id=\"007d2bf\" data-element_type=\"widget\" data-widget_type=\"text-editor.default\">\n\t\t\t\t<div class=\"elementor-widget-container\">\n\t\t\t\t\t\t\t\t\t<div title=\"Page 1\"><div class=\"page\" title=\"Page 1\"><div class=\"section\"><div class=\"layoutArea\"><div class=\"column\"><p>Discover our history, mission and medical team dedicated to your care.<\/p><\/div><\/div><\/div><\/div><\/div>\t\t\t\t\t\t\t\t<\/div>\n\t\t\t\t<\/div>\n\t\t\t\t<\/div>\n\t\t\t\t\t<\/div>\n\t\t\t\t<\/div>\n\t\t<div class=\"elementor-element elementor-element-66de967 e-flex e-con-boxed e-con e-parent\" data-id=\"66de967\" data-element_type=\"container\" data-settings=\"{&quot;background_background&quot;:&quot;gradient&quot;}\">\n\t\t\t\t\t<div class=\"e-con-inner\">\n\t\t<div class=\"elementor-element elementor-element-d534f03 e-con-full e-flex e-con e-child\" data-id=\"d534f03\" data-element_type=\"container\">\n\t\t\t\t<div class=\"elementor-element elementor-element-0db6a00 elementor-widget__width-inherit elementor-widget elementor-widget-heading\" data-id=\"0db6a00\" data-element_type=\"widget\" data-widget_type=\"heading.default\">\n\t\t\t\t<div class=\"elementor-widget-container\">\n\t\t\t\t\t<h1 class=\"elementor-heading-title elementor-size-default\">Our Founder<\/h1>\t\t\t\t<\/div>\n\t\t\t\t<\/div>\n\t\t\t\t<\/div>\n\t\t<div class=\"elementor-element elementor-element-dcbf0bc e-con-full e-flex e-con e-child\" data-id=\"dcbf0bc\" data-element_type=\"container\">\n\t\t<div class=\"elementor-element elementor-element-acbb7fc e-con-full e-flex e-con e-child\" data-id=\"acbb7fc\" data-element_type=\"container\">\n\t\t\t\t<div class=\"elementor-element elementor-element-e1238d3 elementor-widget__width-initial elementor-widget elementor-widget-text-editor\" data-id=\"e1238d3\" data-element_type=\"widget\" data-widget_type=\"text-editor.default\">\n\t\t\t\t<div class=\"elementor-widget-container\">\n\t\t\t\t\t\t\t\t\t<p><span style=\"font-weight: 400;\">Trina Pearl Steljes was born in Canada, she began her bachelor's degree in Neuro-psychology at Cornell University, in Ithaca, New York. He completed his studies in Medicine and General Surgery at the University of Nevada School of Medicine. He completed his subspecialty in Hepatobiliary and Pancreas Surgery at the University of Southern California in Los Angeles.<\/span><\/p><p><span style=\"font-weight: 400;\">Currently, the doctor has four offices in Mayag\u00fcez, Hatillo, San Sebasti\u00e1n and Yauco, with a private practice of General Surgery and Venous Insufficiency, and has one of the most modern vascular laboratories in all of Puerto Rico. <\/span><\/p>\t\t\t\t\t\t\t\t<\/div>\n\t\t\t\t<\/div>\n\t\t\t\t<\/div>\n\t\t<div class=\"elementor-element elementor-element-56b29fd e-con-full e-flex e-con e-child\" data-id=\"56b29fd\" data-element_type=\"container\">\n\t\t\t\t<div class=\"elementor-element elementor-element-a389588 elementor-widget__width-initial elementor-widget elementor-widget-video\" data-id=\"a389588\" data-element_type=\"widget\" data-settings=\"{&quot;video_type&quot;:&quot;hosted&quot;,&quot;autoplay&quot;:&quot;yes&quot;,&quot;play_on_mobile&quot;:&quot;yes&quot;,&quot;controls&quot;:&quot;yes&quot;}\" data-widget_type=\"video.default\">\n\t\t\t\t<div class=\"elementor-widget-container\">\n\t\t\t\t\t\t\t<div class=\"e-hosted-video elementor-wrapper elementor-open-inline\">\n\t\t\t\t\t<video class=\"elementor-video\" src=\"https:\/\/perleesteticamedica.com\/wp-content\/uploads\/2024\/05\/Dra-trina-cuadrado.mp4\" autoplay=\"\" controls=\"\" playsinline=\"\" controlslist=\"nodownload\"><\/video>\n\t\t\t\t<\/div>\n\t\t\t\t\t\t<\/div>\n\t\t\t\t<\/div>\n\t\t\t\t<div class=\"elementor-element elementor-element-5b18839 elementor-widget__width-initial elementor-widget elementor-widget-text-editor\" data-id=\"5b18839\" data-element_type=\"widget\" data-widget_type=\"text-editor.default\">\n\t\t\t\t<div class=\"elementor-widget-container\">\n\t\t\t\t\t\t\t\t\t<p>Video courtesy: Versatil Magazine<\/p>\t\t\t\t\t\t\t\t<\/div>\n\t\t\t\t<\/div>\n\t\t\t\t<\/div>\n\t\t\t\t<\/div>\n\t\t\t\t<div class=\"elementor-element elementor-element-2f3041b elementor-absolute elementor-widget__width-initial elementor-widget elementor-widget-image\" data-id=\"2f3041b\" data-element_type=\"widget\" data-settings=\"{&quot;_position&quot;:&quot;absolute&quot;}\" data-widget_type=\"image.default\">\n\t\t\t\t<div class=\"elementor-widget-container\">\n\t\t\t\t\t\t\t\t\t\t\t\t\t\t\t<img fetchpriority=\"high\" decoding=\"async\" width=\"1000\" height=\"985\" src=\"https:\/\/perleesteticamedica.com\/wp-content\/uploads\/2024\/04\/effect2.png\" class=\"attachment-full size-full wp-image-15284\" alt=\"\" srcset=\"https:\/\/perleesteticamedica.com\/wp-content\/uploads\/2024\/04\/effect2.png 1000w, https:\/\/perleesteticamedica.com\/wp-content\/uploads\/2024\/04\/effect2-300x296.png 300w, https:\/\/perleesteticamedica.com\/wp-content\/uploads\/2024\/04\/effect2-768x756.png 768w\" sizes=\"(max-width: 1000px) 100vw, 1000px\" \/>\t\t\t\t\t\t\t\t\t\t\t\t\t\t\t<\/div>\n\t\t\t\t<\/div>\n\t\t<div class=\"elementor-element elementor-element-1d6c1d8 e-con-full e-flex e-con e-child\" data-id=\"1d6c1d8\" data-element_type=\"container\">\n\t\t\t\t<div class=\"elementor-element elementor-element-705f1a2 elementor-widget__width-initial elementor-widget elementor-widget-text-editor\" data-id=\"705f1a2\" data-element_type=\"widget\" data-widget_type=\"text-editor.default\">\n\t\t\t\t<div class=\"elementor-widget-container\">\n\t\t\t\t\t\t\t\t\t<p><span style=\"font-weight: 400;\">Additionally, she has privileges in the Department of Surgery at the Mayag\u00fcez Medical Center and Hospital de la Concepci\u00f3n in San Germ\u00e1n, certified in the application of Botox, fillers and medical grade aesthetic treatments. He is a high-performance cyclist. Instructor of continuing medical education for doctors. For Dr. Steljes it is extremely important that our patients have an excellent quality of life combining health and beauty.<\/span><\/p><p><strong>Certified by the American Academy of Medical Aesthetics in aesthetic medicine.<\/strong><\/p>\t\t\t\t\t\t\t\t<\/div>\n\t\t\t\t<\/div>\n\t\t\t\t<\/div>\n\t\t\t\t\t<\/div>\n\t\t\t\t<\/div>\n\t\t<div class=\"elementor-element elementor-element-c08f28c e-con-full e-flex e-con e-parent\" data-id=\"c08f28c\" data-element_type=\"container\" data-settings=\"{&quot;background_background&quot;:&quot;gradient&quot;}\">\n\t\t<div class=\"elementor-element elementor-element-acc9a7b e-con-full e-flex e-con e-child\" data-id=\"acc9a7b\" data-element_type=\"container\">\n\t\t\t\t<div class=\"elementor-element elementor-element-54c4ae0 elementor-widget elementor-widget-heading\" data-id=\"54c4ae0\" data-element_type=\"widget\" data-widget_type=\"heading.default\">\n\t\t\t\t<div class=\"elementor-widget-container\">\n\t\t\t\t\t<h2 class=\"elementor-heading-title elementor-size-default\">Mission<\/h2>\t\t\t\t<\/div>\n\t\t\t\t<\/div>\n\t\t<div class=\"elementor-element elementor-element-ce2542a e-con-full e-flex e-con e-child\" data-id=\"ce2542a\" data-element_type=\"container\" data-settings=\"{&quot;background_background&quot;:&quot;gradient&quot;}\">\n\t\t\t\t<div class=\"elementor-element elementor-element-c2fc027 elementor-widget elementor-widget-text-editor\" data-id=\"c2fc027\" data-element_type=\"widget\" data-widget_type=\"text-editor.default\">\n\t\t\t\t<div class=\"elementor-widget-container\">\n\t\t\t\t\t\t\t\t\t<p>Medical aesthetics directed by professionals in providing innovative treatments with the purpose of cultivating self-esteem.<\/p>\t\t\t\t\t\t\t\t<\/div>\n\t\t\t\t<\/div>\n\t\t\t\t<\/div>\n\t\t\t\t<\/div>\n\t\t<div class=\"elementor-element elementor-element-a684ea1 e-con-full e-flex e-con e-child\" data-id=\"a684ea1\" data-element_type=\"container\">\n\t\t\t\t<div class=\"elementor-element elementor-element-5b26383 elementor-widget elementor-widget-heading\" data-id=\"5b26383\" data-element_type=\"widget\" data-widget_type=\"heading.default\">\n\t\t\t\t<div class=\"elementor-widget-container\">\n\t\t\t\t\t<h2 class=\"elementor-heading-title elementor-size-default\">Values<\/h2>\t\t\t\t<\/div>\n\t\t\t\t<\/div>\n\t\t<div class=\"elementor-element elementor-element-796dc30 e-con-full e-flex e-con e-child\" data-id=\"796dc30\" data-element_type=\"container\" data-settings=\"{&quot;background_background&quot;:&quot;gradient&quot;}\">\n\t\t\t\t<div class=\"elementor-element elementor-element-4a3928d elementor-widget elementor-widget-text-editor\" data-id=\"4a3928d\" data-element_type=\"widget\" data-widget_type=\"text-editor.default\">\n\t\t\t\t<div class=\"elementor-widget-container\">\n\t\t\t\t\t\t\t\t\t<ul><li style=\"font-weight: 400;\" aria-level=\"1\"><span style=\"font-weight: 400;\">Service\u00a0<\/span><\/li><li style=\"font-weight: 400;\" aria-level=\"1\"><span style=\"font-weight: 400;\">Honesty\u00a0<\/span><\/li><li style=\"font-weight: 400;\" aria-level=\"1\"><span style=\"font-weight: 400;\">Cleaning\u00a0<\/span><\/li><li style=\"font-weight: 400;\" aria-level=\"1\"><span style=\"font-weight: 400;\">Responsibility\u00a0<\/span><\/li><li style=\"font-weight: 400;\" aria-level=\"1\"><span style=\"font-weight: 400;\">Ethics\u00a0<\/span><\/li><\/ul>\t\t\t\t\t\t\t\t<\/div>\n\t\t\t\t<\/div>\n\t\t\t\t<\/div>\n\t\t\t\t<\/div>\n\t\t<div class=\"elementor-element elementor-element-543f367 e-con-full e-flex e-con e-child\" data-id=\"543f367\" data-element_type=\"container\">\n\t\t\t\t<div class=\"elementor-element elementor-element-0893d2f elementor-widget elementor-widget-heading\" data-id=\"0893d2f\" data-element_type=\"widget\" data-widget_type=\"heading.default\">\n\t\t\t\t<div class=\"elementor-widget-container\">\n\t\t\t\t\t<h2 class=\"elementor-heading-title elementor-size-default\">Vision<\/h2>\t\t\t\t<\/div>\n\t\t\t\t<\/div>\n\t\t<div class=\"elementor-element elementor-element-a65db1f e-con-full e-flex e-con e-child\" data-id=\"a65db1f\" data-element_type=\"container\" data-settings=\"{&quot;background_background&quot;:&quot;gradient&quot;}\">\n\t\t\t\t<div class=\"elementor-element elementor-element-108ad57 elementor-widget elementor-widget-text-editor\" data-id=\"108ad57\" data-element_type=\"widget\" data-widget_type=\"text-editor.default\">\n\t\t\t\t<div class=\"elementor-widget-container\">\n\t\t\t\t\t\t\t\t\t<p><span style=\"font-weight: 400;\">Expand our services throughout Puerto Rico and thus become the pillar medical aesthetics, characterized by harmonizing the power of nature and medicine in favor of obtaining real and lasting aesthetic results.<\/span><\/p>\t\t\t\t\t\t\t\t<\/div>\n\t\t\t\t<\/div>\n\t\t\t\t<\/div>\n\t\t\t\t<\/div>\n\t\t<div class=\"elementor-element elementor-element-c51e1ab e-con-full e-flex e-con e-child\" data-id=\"c51e1ab\" data-element_type=\"container\">\n\t\t\t\t<div class=\"elementor-element elementor-element-73ea73f elementor-arrows-position-inside elementor-pagination-position-outside elementor-widget elementor-widget-image-carousel\" data-id=\"73ea73f\" data-element_type=\"widget\" data-settings=\"{&quot;slides_to_show&quot;:&quot;4&quot;,&quot;image_spacing_custom&quot;:{&quot;unit&quot;:&quot;px&quot;,&quot;size&quot;:10,&quot;sizes&quot;:[]},&quot;navigation&quot;:&quot;both&quot;,&quot;autoplay&quot;:&quot;yes&quot;,&quot;pause_on_hover&quot;:&quot;yes&quot;,&quot;pause_on_interaction&quot;:&quot;yes&quot;,&quot;autoplay_speed&quot;:5000,&quot;infinite&quot;:&quot;yes&quot;,&quot;speed&quot;:500,&quot;image_spacing_custom_tablet&quot;:{&quot;unit&quot;:&quot;px&quot;,&quot;size&quot;:&quot;&quot;,&quot;sizes&quot;:[]},&quot;image_spacing_custom_mobile&quot;:{&quot;unit&quot;:&quot;px&quot;,&quot;size&quot;:&quot;&quot;,&quot;sizes&quot;:[]}}\" data-widget_type=\"image-carousel.default\">\n\t\t\t\t<div class=\"elementor-widget-container\">\n\t\t\t\t\t\t\t<div class=\"elementor-image-carousel-wrapper swiper\" role=\"region\" aria-roledescription=\"carousel\" aria-label=\"Image Carousel\" dir=\"ltr\">\n\t\t\t<div class=\"elementor-image-carousel swiper-wrapper\" aria-live=\"off\">\n\t\t\t\t\t\t\t\t<div class=\"swiper-slide\" role=\"group\" aria-roledescription=\"slide\" aria-label=\"1 of 5\"><figure class=\"swiper-slide-inner\"><img decoding=\"async\" class=\"swiper-slide-image\" src=\"https:\/\/perleesteticamedica.com\/wp-content\/uploads\/2024\/04\/IMG_0240-min-768x1024.jpeg\" alt=\"IMG_0240-min\" \/><\/figure><\/div><div class=\"swiper-slide\" role=\"group\" aria-roledescription=\"slide\" aria-label=\"2 of 5\"><figure class=\"swiper-slide-inner\"><img decoding=\"async\" class=\"swiper-slide-image\" src=\"https:\/\/perleesteticamedica.com\/wp-content\/uploads\/2024\/04\/IMG_0242-min-768x1024.jpeg\" alt=\"IMG_0242-min\" \/><\/figure><\/div><div class=\"swiper-slide\" role=\"group\" aria-roledescription=\"slide\" aria-label=\"3 of 5\"><figure class=\"swiper-slide-inner\"><img decoding=\"async\" class=\"swiper-slide-image\" src=\"https:\/\/perleesteticamedica.com\/wp-content\/uploads\/2024\/04\/IMG_0243-min-768x1024.jpeg\" alt=\"IMG_0243-min\" \/><\/figure><\/div><div class=\"swiper-slide\" role=\"group\" aria-roledescription=\"slide\" aria-label=\"4 of 5\"><figure class=\"swiper-slide-inner\"><img decoding=\"async\" class=\"swiper-slide-image\" src=\"https:\/\/perleesteticamedica.com\/wp-content\/uploads\/2024\/04\/IMG_0245-min-768x1024.jpeg\" alt=\"IMG_0245-min\" \/><\/figure><\/div><div class=\"swiper-slide\" role=\"group\" aria-roledescription=\"slide\" aria-label=\"5 of 5\"><figure class=\"swiper-slide-inner\"><img decoding=\"async\" class=\"swiper-slide-image\" src=\"https:\/\/perleesteticamedica.com\/wp-content\/uploads\/2024\/04\/IMG_0246-min-768x1024.jpeg\" alt=\"IMG_0246-min\" \/><\/figure><\/div>\t\t\t<\/div>\n\t\t\t\t\t\t\t\t\t\t\t\t<div class=\"elementor-swiper-button elementor-swiper-button-prev\" role=\"button\" tabindex=\"0\">\n\t\t\t\t\t\t<svg aria-hidden=\"true\" class=\"e-font-icon-svg e-eicon-chevron-left\" viewbox=\"0 0 1000 1000\" xmlns=\"http:\/\/www.w3.org\/2000\/svg\"><path d=\"M646 125C629 125 613 133 604 142L308 442C296 454 292 471 292 487 292 504 296 521 308 533L604 854C617 867 629 875 646 875 663 875 679 871 692 858 704 846 713 829 713 812 713 796 708 779 692 767L438 487 692 225C700 217 708 204 708 187 708 171 704 154 692 142 675 129 663 125 646 125Z\"><\/path><\/svg>\t\t\t\t\t<\/div>\n\t\t\t\t\t<div class=\"elementor-swiper-button elementor-swiper-button-next\" role=\"button\" tabindex=\"0\">\n\t\t\t\t\t\t<svg aria-hidden=\"true\" class=\"e-font-icon-svg e-eicon-chevron-right\" viewbox=\"0 0 1000 1000\" xmlns=\"http:\/\/www.w3.org\/2000\/svg\"><path d=\"M696 533C708 521 713 504 713 487 713 471 708 454 696 446L400 146C388 133 375 125 354 125 338 125 325 129 313 142 300 154 292 171 292 187 292 204 296 221 308 233L563 492 304 771C292 783 288 800 288 817 288 833 296 850 308 863 321 871 338 875 354 875 371 875 388 867 400 854L696 533Z\"><\/path><\/svg>\t\t\t\t\t<\/div>\n\t\t\t\t\n\t\t\t\t\t\t\t\t\t<div class=\"swiper-pagination\"><\/div>\n\t\t\t\t\t\t\t\t\t<\/div>\n\t\t\t\t\t\t<\/div>\n\t\t\t\t<\/div>\n\t\t\t\t<\/div>\n\t\t\t\t<\/div>\n\t\t\t\t<\/div>","protected":false},"excerpt":{"rendered":"<p>Qui\u00e9nes somos Descubre nuestra historia, misi\u00f3n y equipo m\u00e9dico dedicado a tu cuidado. Nuestra Fundadora Trina Pearl Steljes naci\u00f3 en&hellip;<\/p>\n<p> <a class=\"more-link\" href=\"https:\/\/perleesteticamedica.com\/en\/quienes-somos\/\">Read more<\/a><\/p>","protected":false},"author":2,"featured_media":0,"parent":0,"menu_order":0,"comment_status":"closed","ping_status":"closed","template":"elementor_header_footer","meta":{"footnotes":""},"_links":{"self":[{"href":"https:\/\/perleesteticamedica.com\/en\/wp-json\/wp\/v2\/pages\/154"}],"collection":[{"href":"https:\/\/perleesteticamedica.com\/en\/wp-json\/wp\/v2\/pages"}],"about":[{"href":"https:\/\/perleesteticamedica.com\/en\/wp-json\/wp\/v2\/types\/page"}],"author":[{"embeddable":true,"href":"https:\/\/perleesteticamedica.com\/en\/wp-json\/wp\/v2\/users\/2"}],"replies":[{"embeddable":true,"href":"https:\/\/perleesteticamedica.com\/en\/wp-json\/wp\/v2\/comments?post=154"}],"version-history":[{"count":272,"href":"https:\/\/perleesteticamedica.com\/en\/wp-json\/wp\/v2\/pages\/154\/revisions"}],"predecessor-version":[{"id":18136,"href":"https:\/\/perleesteticamedica.com\/en\/wp-json\/wp\/v2\/pages\/154\/revisions\/18136"}],"wp:attachment":[{"href":"https:\/\/perleesteticamedica.com\/en\/wp-json\/wp\/v2\/media?parent=154"}],"curies":[{"name":"wp","href":"https:\/\/api.w.org\/{rel}","templated":true}]}}