{"id":15920,"date":"2024-04-23T21:58:06","date_gmt":"2024-04-23T19:58:06","guid":{"rendered":"https:\/\/perleesteticamedica.com\/?page_id=15920"},"modified":"2024-05-23T16:52:45","modified_gmt":"2024-05-23T14:52:45","slug":"estetica-medica-corporal","status":"publish","type":"page","link":"https:\/\/perleesteticamedica.com\/en\/estetica-medica-corporal\/","title":{"rendered":"EST\u00c9TICA M\u00c9DICA CORPORAL"},"content":{"rendered":"<div data-elementor-type=\"wp-page\" data-elementor-id=\"15920\" class=\"elementor elementor-15920\">\n\t\t\t\t<div class=\"elementor-element elementor-element-368fe81 e-con-full e-flex e-con e-parent\" data-id=\"368fe81\" data-element_type=\"container\" data-settings=\"{&quot;background_background&quot;:&quot;classic&quot;}\">\n\t\t<div class=\"elementor-element elementor-element-3a1f4ff e-flex e-con-boxed e-con e-child\" data-id=\"3a1f4ff\" data-element_type=\"container\">\n\t\t\t\t\t<div class=\"e-con-inner\">\n\t\t\t\t<div class=\"elementor-element elementor-element-03561b5 elementor-widget__width-inherit elementor-widget elementor-widget-heading\" data-id=\"03561b5\" data-element_type=\"widget\" data-widget_type=\"heading.default\">\n\t\t\t\t<div class=\"elementor-widget-container\">\n\t\t\t\t\t<h1 class=\"elementor-heading-title elementor-size-default\">Medical aesthetic treatments for body<\/h1>\t\t\t\t<\/div>\n\t\t\t\t<\/div>\n\t\t\t\t\t<\/div>\n\t\t\t\t<\/div>\n\t\t\t\t<\/div>\n\t\t<div class=\"elementor-element elementor-element-640b31a e-flex e-con-boxed e-con e-parent\" data-id=\"640b31a\" data-element_type=\"container\" data-settings=\"{&quot;background_background&quot;:&quot;classic&quot;}\">\n\t\t\t\t\t<div class=\"e-con-inner\">\n\t\t\t\t<div class=\"elementor-element elementor-element-665708b elementor-absolute elementor-widget elementor-widget-image\" data-id=\"665708b\" data-element_type=\"widget\" data-settings=\"{&quot;_position&quot;:&quot;absolute&quot;}\" data-widget_type=\"image.default\">\n\t\t\t\t<div class=\"elementor-widget-container\">\n\t\t\t\t\t\t\t\t\t\t\t\t\t\t\t<img decoding=\"async\" src=\"https:\/\/perleesteticamedica.com\/wp-content\/uploads\/elementor\/thumbs\/LOGO-PERLE-EN-PNG-1-1-qn6r9yaamexp185hfgmxbnbufmdtdeie2ix8di95fk.png\" title=\"LOGO PERLE EN PNG (1) (1)\" alt=\"LOGO PERLE EN PNG (1) (1)\" loading=\"lazy\" \/>\t\t\t\t\t\t\t\t\t\t\t\t\t\t\t<\/div>\n\t\t\t\t<\/div>\n\t\t\t\t<div class=\"elementor-element elementor-element-0ccd434 elementor-absolute elementor-widget__width-initial elementor-widget elementor-widget-image\" data-id=\"0ccd434\" data-element_type=\"widget\" data-settings=\"{&quot;_position&quot;:&quot;absolute&quot;}\" data-widget_type=\"image.default\">\n\t\t\t\t<div class=\"elementor-widget-container\">\n\t\t\t\t\t\t\t\t\t\t\t\t\t\t\t<img fetchpriority=\"high\" decoding=\"async\" width=\"1000\" height=\"985\" src=\"https:\/\/perleesteticamedica.com\/wp-content\/uploads\/2024\/04\/effect1-1-1000x985.png\" class=\"attachment-2048x2048 size-2048x2048 wp-image-15310\" alt=\"\" srcset=\"https:\/\/perleesteticamedica.com\/wp-content\/uploads\/2024\/04\/effect1-1.png 1000w, https:\/\/perleesteticamedica.com\/wp-content\/uploads\/2024\/04\/effect1-1-768x756.png 768w\" sizes=\"(max-width: 1000px) 100vw, 1000px\" \/>\t\t\t\t\t\t\t\t\t\t\t\t\t\t\t<\/div>\n\t\t\t\t<\/div>\n\t\t\t\t<div class=\"elementor-element elementor-element-eb41f70 elementor-absolute elementor-widget__width-initial elementor-widget elementor-widget-image\" data-id=\"eb41f70\" data-element_type=\"widget\" data-settings=\"{&quot;_position&quot;:&quot;absolute&quot;}\" data-widget_type=\"image.default\">\n\t\t\t\t<div class=\"elementor-widget-container\">\n\t\t\t\t\t\t\t\t\t\t\t\t\t\t\t<img fetchpriority=\"high\" decoding=\"async\" width=\"1000\" height=\"985\" src=\"https:\/\/perleesteticamedica.com\/wp-content\/uploads\/2024\/04\/effect1-1-1000x985.png\" class=\"attachment-2048x2048 size-2048x2048 wp-image-15310\" alt=\"\" srcset=\"https:\/\/perleesteticamedica.com\/wp-content\/uploads\/2024\/04\/effect1-1.png 1000w, https:\/\/perleesteticamedica.com\/wp-content\/uploads\/2024\/04\/effect1-1-768x756.png 768w\" sizes=\"(max-width: 1000px) 100vw, 1000px\" \/>\t\t\t\t\t\t\t\t\t\t\t\t\t\t\t<\/div>\n\t\t\t\t<\/div>\n\t\t\t\t<div class=\"elementor-element elementor-element-a4aa108 elementor-absolute elementor-widget__width-initial elementor-widget elementor-widget-image\" data-id=\"a4aa108\" data-element_type=\"widget\" data-settings=\"{&quot;_position&quot;:&quot;absolute&quot;}\" data-widget_type=\"image.default\">\n\t\t\t\t<div class=\"elementor-widget-container\">\n\t\t\t\t\t\t\t\t\t\t\t\t\t\t\t<img fetchpriority=\"high\" decoding=\"async\" width=\"1000\" height=\"985\" src=\"https:\/\/perleesteticamedica.com\/wp-content\/uploads\/2024\/04\/effect1-1-1000x985.png\" class=\"attachment-2048x2048 size-2048x2048 wp-image-15310\" alt=\"\" srcset=\"https:\/\/perleesteticamedica.com\/wp-content\/uploads\/2024\/04\/effect1-1.png 1000w, https:\/\/perleesteticamedica.com\/wp-content\/uploads\/2024\/04\/effect1-1-768x756.png 768w\" sizes=\"(max-width: 1000px) 100vw, 1000px\" \/>\t\t\t\t\t\t\t\t\t\t\t\t\t\t\t<\/div>\n\t\t\t\t<\/div>\n\t\t\t\t<div class=\"elementor-element elementor-element-27194b6 elementor-absolute elementor-widget__width-initial elementor-widget elementor-widget-image\" data-id=\"27194b6\" data-element_type=\"widget\" data-settings=\"{&quot;_position&quot;:&quot;absolute&quot;}\" data-widget_type=\"image.default\">\n\t\t\t\t<div class=\"elementor-widget-container\">\n\t\t\t\t\t\t\t\t\t\t\t\t\t\t\t<img decoding=\"async\" width=\"847\" height=\"1280\" src=\"https:\/\/perleesteticamedica.com\/wp-content\/uploads\/2024\/04\/LOGO-PERLE-EN-PNG-1-1.png\" class=\"attachment-2048x2048 size-2048x2048 wp-image-16027\" alt=\"\" srcset=\"https:\/\/perleesteticamedica.com\/wp-content\/uploads\/2024\/04\/LOGO-PERLE-EN-PNG-1-1.png 847w, https:\/\/perleesteticamedica.com\/wp-content\/uploads\/2024\/04\/LOGO-PERLE-EN-PNG-1-1-199x300.png 199w, https:\/\/perleesteticamedica.com\/wp-content\/uploads\/2024\/04\/LOGO-PERLE-EN-PNG-1-1-678x1024.png 678w, https:\/\/perleesteticamedica.com\/wp-content\/uploads\/2024\/04\/LOGO-PERLE-EN-PNG-1-1-768x1161.png 768w\" sizes=\"(max-width: 847px) 100vw, 847px\" \/>\t\t\t\t\t\t\t\t\t\t\t\t\t\t\t<\/div>\n\t\t\t\t<\/div>\n\t\t<div class=\"elementor-element elementor-element-ba3a716 e-flex e-con-boxed e-con e-child\" data-id=\"ba3a716\" data-element_type=\"container\">\n\t\t\t\t\t<div class=\"e-con-inner\">\n\t\t<div class=\"elementor-element elementor-element-8fc1ad0 e-con-full e-flex e-con e-child\" data-id=\"8fc1ad0\" data-element_type=\"container\">\n\t\t\t\t<div class=\"elementor-element elementor-element-572b3ba elementor-widget__width-inherit elementor-widget elementor-widget-heading\" data-id=\"572b3ba\" data-element_type=\"widget\" data-widget_type=\"heading.default\">\n\t\t\t\t<div class=\"elementor-widget-container\">\n\t\t\t\t\t<h2 class=\"elementor-heading-title elementor-size-default\">Bodytite<\/h2>\t\t\t\t<\/div>\n\t\t\t\t<\/div>\n\t\t\t\t<\/div>\n\t\t<div class=\"elementor-element elementor-element-2a38773 e-con-full e-flex e-con e-child\" data-id=\"2a38773\" data-element_type=\"container\" data-settings=\"{&quot;background_background&quot;:&quot;gradient&quot;}\">\n\t\t<div class=\"elementor-element elementor-element-71cc6a0 e-con-full e-flex e-con e-child\" data-id=\"71cc6a0\" data-element_type=\"container\">\n\t\t\t\t<div class=\"elementor-element elementor-element-1242102 elementor-widget__width-initial elementor-widget elementor-widget-elementskit-image-comparison\" data-id=\"1242102\" data-element_type=\"widget\" data-widget_type=\"elementskit-image-comparison.default\">\n\t\t\t\t<div class=\"elementor-widget-container\">\n\t\t\t\t\t<div class=\"ekit-wid-con\" >\n\t\t<div class=\"elementskit-image-comparison image-comparison-container\" data-offset=\"0.5\" data-overlay=\"true\" data-label_after=\"After\" data-label_before=\"Before\" data-move_slider_on_hover=\"\" data-click_to_move=\"\">\n\t\t\t<img decoding=\"async\" src=\"https:\/\/perleesteticamedica.com\/wp-content\/uploads\/2024\/05\/NO-bodytite-3-1-e1714784299473.jpg\" title=\"NO bodytite 3\" alt=\"NO bodytite 3\" loading=\"lazy\" \/><img decoding=\"async\" src=\"https:\/\/perleesteticamedica.com\/wp-content\/uploads\/2024\/05\/NO-bodytite-3-e1714784236587.jpg\" title=\"NO bodytite 3\" alt=\"NO bodytite 3\" loading=\"lazy\" \/>\t\t<\/div>\n\n\t<\/div>\t\t\t\t<\/div>\n\t\t\t\t<\/div>\n\t\t\t\t<\/div>\n\t\t<div class=\"elementor-element elementor-element-fde6a26 e-flex e-con-boxed e-con e-child\" data-id=\"fde6a26\" data-element_type=\"container\">\n\t\t\t\t\t<div class=\"e-con-inner\">\n\t\t\t\t<div class=\"elementor-element elementor-element-6c410bf elementor-widget elementor-widget-text-editor\" data-id=\"6c410bf\" data-element_type=\"widget\" data-widget_type=\"text-editor.default\">\n\t\t\t\t<div class=\"elementor-widget-container\">\n\t\t\t\t\t\t\t\t\t<p><span style=\"font-weight: 400;\">BodyTite is the only FDA-approved medical technology with dual temperature control for minimally invasive body and facial contouring treatments with surgical, scar-free results.\u00a0\u00a0<\/span><\/p><p><span style=\"font-weight: 400;\">BodyTite offers body remodeling, with a three-dimensional contraction of the dermis, subcutaneous connective tissue and deep fatty tissue, through internal, external and superior lipolysis, providing results only achieved with traditional liposuctions. BodyTite works by emitting rapid and uniform bipolar heat distributed directly into the dermis and subcutaneous matrix without an epidermal barrier. Inmode's RFAL applicators are minimally invasive facial and body contouring solutions.<\/span><\/p><p><span style=\"font-weight: 400;\">It is a safe and effective treatment that offers patients significant aesthetic changes without the need for surgery. Most importantly, it is exclusive to Perle Est\u00e9tica Evolucionada in Mayag\u00fcez, performed by Surgeon Dr. Trina Steljes.<\/span><\/p>\t\t\t\t\t\t\t\t<\/div>\n\t\t\t\t<\/div>\n\t\t<div class=\"elementor-element elementor-element-9ac598b e-flex e-con-boxed e-con e-child\" data-id=\"9ac598b\" data-element_type=\"container\">\n\t\t\t\t\t<div class=\"e-con-inner\">\n\t\t\t\t<div class=\"elementor-element elementor-element-4dd2fbe elementor-icon-list--layout-traditional elementor-list-item-link-full_width elementor-widget elementor-widget-icon-list\" data-id=\"4dd2fbe\" data-element_type=\"widget\" data-widget_type=\"icon-list.default\">\n\t\t\t\t<div class=\"elementor-widget-container\">\n\t\t\t\t\t\t\t<ul class=\"elementor-icon-list-items\">\n\t\t\t\t\t\t\t<li class=\"elementor-icon-list-item\">\n\t\t\t\t\t\t\t\t\t\t\t<a href=\"https:\/\/perleesteticamedica.com\/wp-content\/uploads\/2024\/05\/INSTRUCCIONES-PRE-Y-POST-BODY-TITE.docx.pdf\" target=\"_blank\">\n\n\t\t\t\t\t\t\t\t\t\t\t<span class=\"elementor-icon-list-text\">Instructions for treatment<\/span>\n\t\t\t\t\t\t\t\t\t\t\t<\/a>\n\t\t\t\t\t\t\t\t\t<\/li>\n\t\t\t\t\t\t<\/ul>\n\t\t\t\t\t\t<\/div>\n\t\t\t\t<\/div>\n\t\t\t\t\t<\/div>\n\t\t\t\t<\/div>\n\t\t\t\t\t<\/div>\n\t\t\t\t<\/div>\n\t\t\t\t<\/div>\n\t\t\t\t\t<\/div>\n\t\t\t\t<\/div>\n\t\t<div class=\"elementor-element elementor-element-468ab2d e-flex e-con-boxed e-con e-child\" data-id=\"468ab2d\" data-element_type=\"container\">\n\t\t\t\t\t<div class=\"e-con-inner\">\n\t\t<div class=\"elementor-element elementor-element-9d8da33 e-con-full e-flex e-con e-child\" data-id=\"9d8da33\" data-element_type=\"container\">\n\t\t\t\t<div class=\"elementor-element elementor-element-f40ea45 elementor-widget__width-inherit elementor-widget elementor-widget-heading\" data-id=\"f40ea45\" data-element_type=\"widget\" data-widget_type=\"heading.default\">\n\t\t\t\t<div class=\"elementor-widget-container\">\n\t\t\t\t\t<h2 class=\"elementor-heading-title elementor-size-default\">Tone<\/h2>\t\t\t\t<\/div>\n\t\t\t\t<\/div>\n\t\t\t\t<\/div>\n\t\t<div class=\"elementor-element elementor-element-81b1ab5 e-con-full e-flex e-con e-child\" data-id=\"81b1ab5\" data-element_type=\"container\" data-settings=\"{&quot;background_background&quot;:&quot;gradient&quot;}\">\n\t\t<div class=\"elementor-element elementor-element-d581c56 e-con-full e-flex e-con e-child\" data-id=\"d581c56\" data-element_type=\"container\">\n\t\t\t\t<div class=\"elementor-element elementor-element-f64536b elementor-widget elementor-widget-text-editor\" data-id=\"f64536b\" data-element_type=\"widget\" data-widget_type=\"text-editor.default\">\n\t\t\t\t<div class=\"elementor-widget-container\">\n\t\t\t\t\t\t\t\t\t<p class=\"translation-block\">Hands-free muscle toning treatment. It works by delivering electrical muscle stimulation (EMS) to simulate involuntary muscle contractions. The hands-free applicators target specific muscle groups to refine muscle appearance and strength.<\/p>\t\t\t\t\t\t\t\t<\/div>\n\t\t\t\t<\/div>\n\t\t\t\t<\/div>\n\t\t<div class=\"elementor-element elementor-element-1155b62 e-flex e-con-boxed e-con e-child\" data-id=\"1155b62\" data-element_type=\"container\">\n\t\t\t\t\t<div class=\"e-con-inner\">\n\t\t\t\t<div class=\"elementor-element elementor-element-6b03067 elementor-widget elementor-widget-image\" data-id=\"6b03067\" data-element_type=\"widget\" data-widget_type=\"image.default\">\n\t\t\t\t<div class=\"elementor-widget-container\">\n\t\t\t\t\t\t\t\t\t\t\t\t\t\t\t<img decoding=\"async\" width=\"800\" height=\"600\" src=\"https:\/\/perleesteticamedica.com\/wp-content\/uploads\/2024\/04\/e167e903-5733-423b-a3e1-8a7256a4056e-1024x768.jpeg\" class=\"attachment-large size-large wp-image-85\" alt=\"\" srcset=\"https:\/\/perleesteticamedica.com\/wp-content\/uploads\/2024\/04\/e167e903-5733-423b-a3e1-8a7256a4056e-1024x768.jpeg 1024w, https:\/\/perleesteticamedica.com\/wp-content\/uploads\/2024\/04\/e167e903-5733-423b-a3e1-8a7256a4056e-300x225.jpeg 300w, https:\/\/perleesteticamedica.com\/wp-content\/uploads\/2024\/04\/e167e903-5733-423b-a3e1-8a7256a4056e-768x576.jpeg 768w, https:\/\/perleesteticamedica.com\/wp-content\/uploads\/2024\/04\/e167e903-5733-423b-a3e1-8a7256a4056e-1536x1152.jpeg 1536w, https:\/\/perleesteticamedica.com\/wp-content\/uploads\/2024\/04\/e167e903-5733-423b-a3e1-8a7256a4056e.jpeg 1600w\" sizes=\"(max-width: 800px) 100vw, 800px\" \/>\t\t\t\t\t\t\t\t\t\t\t\t\t\t\t<\/div>\n\t\t\t\t<\/div>\n\t\t\t\t\t<\/div>\n\t\t\t\t<\/div>\n\t\t\t\t<\/div>\n\t\t\t\t\t<\/div>\n\t\t\t\t<\/div>\n\t\t<div class=\"elementor-element elementor-element-425b926 e-flex e-con-boxed e-con e-child\" data-id=\"425b926\" data-element_type=\"container\">\n\t\t\t\t\t<div class=\"e-con-inner\">\n\t\t<div class=\"elementor-element elementor-element-2190a1c e-con-full e-flex e-con e-child\" data-id=\"2190a1c\" data-element_type=\"container\">\n\t\t\t\t<div class=\"elementor-element elementor-element-b0978ba elementor-widget__width-inherit elementor-widget elementor-widget-heading\" data-id=\"b0978ba\" data-element_type=\"widget\" data-widget_type=\"heading.default\">\n\t\t\t\t<div class=\"elementor-widget-container\">\n\t\t\t\t\t<h2 class=\"elementor-heading-title elementor-size-default\">Morpheus body<\/h2>\t\t\t\t<\/div>\n\t\t\t\t<\/div>\n\t\t\t\t<\/div>\n\t\t<div class=\"elementor-element elementor-element-64d43bb e-con-full e-flex e-con e-child\" data-id=\"64d43bb\" data-element_type=\"container\" data-settings=\"{&quot;background_background&quot;:&quot;gradient&quot;}\">\n\t\t<div class=\"elementor-element elementor-element-9df38fb e-con-full e-flex e-con e-child\" data-id=\"9df38fb\" data-element_type=\"container\">\n\t\t\t\t<div class=\"elementor-element elementor-element-873b03f elementor-widget elementor-widget-image\" data-id=\"873b03f\" data-element_type=\"widget\" data-widget_type=\"image.default\">\n\t\t\t\t<div class=\"elementor-widget-container\">\n\t\t\t\t\t\t\t\t\t\t\t\t\t\t\t<img loading=\"lazy\" decoding=\"async\" width=\"300\" height=\"400\" src=\"https:\/\/perleesteticamedica.com\/wp-content\/uploads\/2024\/04\/Morpheus8-Body-handpiece.png\" class=\"attachment-large size-large wp-image-15354\" alt=\"\" srcset=\"https:\/\/perleesteticamedica.com\/wp-content\/uploads\/2024\/04\/Morpheus8-Body-handpiece.png 300w, https:\/\/perleesteticamedica.com\/wp-content\/uploads\/2024\/04\/Morpheus8-Body-handpiece-225x300.png 225w\" sizes=\"(max-width: 300px) 100vw, 300px\" \/>\t\t\t\t\t\t\t\t\t\t\t\t\t\t\t<\/div>\n\t\t\t\t<\/div>\n\t\t\t\t<\/div>\n\t\t<div class=\"elementor-element elementor-element-3952395 e-flex e-con-boxed e-con e-child\" data-id=\"3952395\" data-element_type=\"container\">\n\t\t\t\t\t<div class=\"e-con-inner\">\n\t\t\t\t<div class=\"elementor-element elementor-element-6470f1f elementor-widget elementor-widget-text-editor\" data-id=\"6470f1f\" data-element_type=\"widget\" data-widget_type=\"text-editor.default\">\n\t\t\t\t<div class=\"elementor-widget-container\">\n\t\t\t\t\t\t\t\t\t<p class=\"translation-block\">Morpheus Body technology allows you to recover firmness, eliminate localized fat, cellulite, sagging, and improve the appearance of scars and stretch marks on the body.<\/p>\t\t\t\t\t\t\t\t<\/div>\n\t\t\t\t<\/div>\n\t\t\t\t<div class=\"elementor-element elementor-element-d555d77 elementor-icon-list--layout-traditional elementor-list-item-link-full_width elementor-widget elementor-widget-icon-list\" data-id=\"d555d77\" data-element_type=\"widget\" data-widget_type=\"icon-list.default\">\n\t\t\t\t<div class=\"elementor-widget-container\">\n\t\t\t\t\t\t\t<ul class=\"elementor-icon-list-items\">\n\t\t\t\t\t\t\t<li class=\"elementor-icon-list-item\">\n\t\t\t\t\t\t\t\t\t\t\t<a href=\"https:\/\/perleesteticamedica.com\/wp-content\/uploads\/2024\/05\/INSTRUCCIONES-DE-MORPHEUS-8.docx.pdf\" target=\"_blank\">\n\n\t\t\t\t\t\t\t\t\t\t\t<span class=\"elementor-icon-list-text\">Instructions for treatment<\/span>\n\t\t\t\t\t\t\t\t\t\t\t<\/a>\n\t\t\t\t\t\t\t\t\t<\/li>\n\t\t\t\t\t\t<\/ul>\n\t\t\t\t\t\t<\/div>\n\t\t\t\t<\/div>\n\t\t\t\t\t<\/div>\n\t\t\t\t<\/div>\n\t\t\t\t<\/div>\n\t\t\t\t\t<\/div>\n\t\t\t\t<\/div>\n\t\t<div class=\"elementor-element elementor-element-3c507d1 e-flex e-con-boxed e-con e-child\" data-id=\"3c507d1\" data-element_type=\"container\">\n\t\t\t\t\t<div class=\"e-con-inner\">\n\t\t<div class=\"elementor-element elementor-element-dc5d1a6 e-con-full e-flex e-con e-child\" data-id=\"dc5d1a6\" data-element_type=\"container\">\n\t\t\t\t<div class=\"elementor-element elementor-element-0239a3c elementor-widget__width-inherit elementor-widget elementor-widget-heading\" data-id=\"0239a3c\" data-element_type=\"widget\" data-widget_type=\"heading.default\">\n\t\t\t\t<div class=\"elementor-widget-container\">\n\t\t\t\t\t<h2 class=\"elementor-heading-title elementor-size-default\">BodyFX<\/h2>\t\t\t\t<\/div>\n\t\t\t\t<\/div>\n\t\t\t\t<\/div>\n\t\t<div class=\"elementor-element elementor-element-1116470 e-con-full e-flex e-con e-child\" data-id=\"1116470\" data-element_type=\"container\" data-settings=\"{&quot;background_background&quot;:&quot;gradient&quot;}\">\n\t\t<div class=\"elementor-element elementor-element-d6d3f6c e-con-full e-flex e-con e-child\" data-id=\"d6d3f6c\" data-element_type=\"container\">\n\t\t\t\t<div class=\"elementor-element elementor-element-1c878f5 elementor-widget elementor-widget-text-editor\" data-id=\"1c878f5\" data-element_type=\"widget\" data-widget_type=\"text-editor.default\">\n\t\t\t\t<div class=\"elementor-widget-container\">\n\t\t\t\t\t\t\t\t\t<p><span style=\"font-weight: 400;\">BodyFX is a third generation technology for the simultaneous treatment of localized fat and the selective reduction of cellulite while tightening the skin. It is indicated for body treatments with BodyFX for buttocks, abdomen, flanks and thighs and for facial treatments with MiniFX, its smaller head for arms, knees and chin.<\/span><\/p>\t\t\t\t\t\t\t\t<\/div>\n\t\t\t\t<\/div>\n\t\t<div class=\"elementor-element elementor-element-aa3e8b3 e-con-full e-flex e-con e-child\" data-id=\"aa3e8b3\" data-element_type=\"container\">\n\t\t\t\t<div class=\"elementor-element elementor-element-c1b0024 elementor-icon-list--layout-traditional elementor-list-item-link-full_width elementor-widget elementor-widget-icon-list\" data-id=\"c1b0024\" data-element_type=\"widget\" data-widget_type=\"icon-list.default\">\n\t\t\t\t<div class=\"elementor-widget-container\">\n\t\t\t\t\t\t\t<ul class=\"elementor-icon-list-items\">\n\t\t\t\t\t\t\t<li class=\"elementor-icon-list-item\">\n\t\t\t\t\t\t\t\t\t\t\t<a href=\"https:\/\/perleesteticamedica.com\/wp-content\/uploads\/2024\/05\/INTRUCCIONES-DE-CUIDADO-PARA-BODY-FX-Y-MINI-FX.docx.pdf\" target=\"_blank\">\n\n\t\t\t\t\t\t\t\t\t\t\t<span class=\"elementor-icon-list-text\">Instructions for treatment<\/span>\n\t\t\t\t\t\t\t\t\t\t\t<\/a>\n\t\t\t\t\t\t\t\t\t<\/li>\n\t\t\t\t\t\t<\/ul>\n\t\t\t\t\t\t<\/div>\n\t\t\t\t<\/div>\n\t\t\t\t<\/div>\n\t\t\t\t<\/div>\n\t\t<div class=\"elementor-element elementor-element-8c01b2e e-flex e-con-boxed e-con e-child\" data-id=\"8c01b2e\" data-element_type=\"container\">\n\t\t\t\t\t<div class=\"e-con-inner\">\n\t\t\t\t<div class=\"elementor-element elementor-element-9af96e8 elementor-widget elementor-widget-image\" data-id=\"9af96e8\" data-element_type=\"widget\" data-widget_type=\"image.default\">\n\t\t\t\t<div class=\"elementor-widget-container\">\n\t\t\t\t\t\t\t\t\t\t\t\t\t\t\t<img loading=\"lazy\" decoding=\"async\" width=\"263\" height=\"364\" src=\"https:\/\/perleesteticamedica.com\/wp-content\/uploads\/2024\/04\/technology-contoura.png\" class=\"attachment-large size-large wp-image-15355\" alt=\"\" srcset=\"https:\/\/perleesteticamedica.com\/wp-content\/uploads\/2024\/04\/technology-contoura.png 263w, https:\/\/perleesteticamedica.com\/wp-content\/uploads\/2024\/04\/technology-contoura-217x300.png 217w\" sizes=\"(max-width: 263px) 100vw, 263px\" \/>\t\t\t\t\t\t\t\t\t\t\t\t\t\t\t<\/div>\n\t\t\t\t<\/div>\n\t\t\t\t\t<\/div>\n\t\t\t\t<\/div>\n\t\t\t\t<\/div>\n\t\t\t\t\t<\/div>\n\t\t\t\t<\/div>\n\t\t\t\t\t<\/div>\n\t\t\t\t<\/div>\n\t\t\t\t<\/div>","protected":false},"excerpt":{"rendered":"<p>Est\u00e9tica m\u00e9dica corporal Bodytite BodyTite se configura como la \u00fanica tecnolog\u00eda m\u00e9dica aprobada por la FDA con control doble de&hellip;<\/p>\n<p> <a class=\"more-link\" href=\"https:\/\/perleesteticamedica.com\/en\/estetica-medica-corporal\/\">Read more<\/a><\/p>","protected":false},"author":2,"featured_media":0,"parent":0,"menu_order":0,"comment_status":"closed","ping_status":"closed","template":"elementor_header_footer","meta":{"footnotes":""},"_links":{"self":[{"href":"https:\/\/perleesteticamedica.com\/en\/wp-json\/wp\/v2\/pages\/15920"}],"collection":[{"href":"https:\/\/perleesteticamedica.com\/en\/wp-json\/wp\/v2\/pages"}],"about":[{"href":"https:\/\/perleesteticamedica.com\/en\/wp-json\/wp\/v2\/types\/page"}],"author":[{"embeddable":true,"href":"https:\/\/perleesteticamedica.com\/en\/wp-json\/wp\/v2\/users\/2"}],"replies":[{"embeddable":true,"href":"https:\/\/perleesteticamedica.com\/en\/wp-json\/wp\/v2\/comments?post=15920"}],"version-history":[{"count":67,"href":"https:\/\/perleesteticamedica.com\/en\/wp-json\/wp\/v2\/pages\/15920\/revisions"}],"predecessor-version":[{"id":18150,"href":"https:\/\/perleesteticamedica.com\/en\/wp-json\/wp\/v2\/pages\/15920\/revisions\/18150"}],"wp:attachment":[{"href":"https:\/\/perleesteticamedica.com\/en\/wp-json\/wp\/v2\/media?parent=15920"}],"curies":[{"name":"wp","href":"https:\/\/api.w.org\/{rel}","templated":true}]}}