{"id":17552,"date":"2024-05-04T19:58:30","date_gmt":"2024-05-04T17:58:30","guid":{"rendered":"https:\/\/perleesteticamedica.com\/?page_id=17552"},"modified":"2024-05-04T20:00:02","modified_gmt":"2024-05-04T18:00:02","slug":"politicas-de-privacidad","status":"publish","type":"page","link":"https:\/\/perleesteticamedica.com\/en\/politicas-de-privacidad\/","title":{"rendered":"Pol\u00edticas de Privacidad"},"content":{"rendered":"<div data-elementor-type=\"wp-page\" data-elementor-id=\"17552\" class=\"elementor elementor-17552\">\n\t\t\t\t<div class=\"elementor-element elementor-element-9cc6e7a e-flex e-con-boxed e-con e-parent\" data-id=\"9cc6e7a\" data-element_type=\"container\">\n\t\t\t\t\t<div class=\"e-con-inner\">\n\t\t<div class=\"elementor-element elementor-element-f96e9f9 e-con-full e-flex e-con e-child\" data-id=\"f96e9f9\" data-element_type=\"container\">\n\t\t<div class=\"elementor-element elementor-element-be0c50e e-con-full e-flex e-con e-child\" data-id=\"be0c50e\" data-element_type=\"container\">\n\t\t\t\t<div class=\"elementor-element elementor-element-9acbbf3 elementor-widget elementor-widget-heading\" data-id=\"9acbbf3\" data-element_type=\"widget\" data-widget_type=\"heading.default\">\n\t\t\t\t<div class=\"elementor-widget-container\">\n\t\t\t\t\t<h2 class=\"elementor-heading-title elementor-size-default\">Privacy policies<\/h2>\t\t\t\t<\/div>\n\t\t\t\t<\/div>\n\t\t\t\t<\/div>\n\t\t<div class=\"elementor-element elementor-element-c16e130 e-flex e-con-boxed e-con e-child\" data-id=\"c16e130\" data-element_type=\"container\">\n\t\t\t\t\t<div class=\"e-con-inner\">\n\t\t\t\t<div class=\"elementor-element elementor-element-792cee0 elementor-widget elementor-widget-text-editor\" data-id=\"792cee0\" data-element_type=\"widget\" data-widget_type=\"text-editor.default\">\n\t\t\t\t<div class=\"elementor-widget-container\">\n\t\t\t\t\t\t\t\t\t<p class=\"translation-block\">This Privacy Policy establishes the terms in which Perle Est\u00e9tica Evolucionada uses and protects the information that is provided by its users when using its website. This company is committed to the security of its users' data. When we ask you to fill out personal information fields with which you can be identified, we do so ensuring that it will only be used in accordance with the terms of this document. However, this Privacy Policy may change over time or be updated, so we recommend and emphasize that you continually review this page to ensure that you agree with such changes.<\/p><p><strong>Information that is collected<\/strong><\/p><p>Our website may collect personal information such as: Name, contact information such as your email address and telephone number. Likewise, when necessary, specific information may be required to coordinate an appointment.<\/p><p><strong>Use of collected information<\/strong><\/p><p>Our website uses the information in order to provide the best possible service, particularly to maintain a registry of users, appointments if applicable, and to improve our products and services. Emails may be sent periodically through our site with special offers, new products and other advertising information that we consider relevant to you or that may provide some benefit, these emails will be sent to the address you provide.<\/p><p class=\"translation-block\">Perle Est\u00e9tica Evolucionada is highly committed to fulfilling its commitment to keeping your information secure. We use the most advanced systems and constantly update them to ensure that there is no unauthorized access.<\/p><p class=\"translation-block\">Perle Est\u00e9tica Evolucionada reserves the right to change the terms of this Privacy Policy at any time.<\/p><p class=\"translation-block\">Perle Est\u00e9tica Evolucionada will not transfer or distribute the personal information that is collected without your consent, unless required by a judge with a court order.<\/p><p><span id=\"m_-54108651895643132m_8357427022651387986m_-8216379636786693434gmail-result_box\" lang=\"es\">This privacy policy has been generated in\u00a0<a href=\"https:\/\/politicadeprivacidadplantilla.com\/\" target=\"_blank\" rel=\"noopener\" data-saferedirecturl=\"https:\/\/www.google.com\/url?q=https:\/\/politicadeprivacidadplantilla.com\/&amp;source=gmail&amp;ust=1712952319391000&amp;usg=AOvVaw3gnJbahvsJlvwv7JGTEoKh\">politicadeprivacidadplantil<wbr \/>la.com<\/a>.<\/span><\/p>\t\t\t\t\t\t\t\t<\/div>\n\t\t\t\t<\/div>\n\t\t\t\t\t<\/div>\n\t\t\t\t<\/div>\n\t\t\t\t<\/div>\n\t\t\t\t\t<\/div>\n\t\t\t\t<\/div>\n\t\t\t\t<\/div>","protected":false},"excerpt":{"rendered":"<p>POL\u00cdTICAs DE PRIVACIDAD La presente Pol\u00edtica de Privacidad establece los t\u00e9rminos en que Perle Est\u00e9tica Evolucionada\u00a0usa y protege la informaci\u00f3n&hellip;<\/p>\n<p> <a class=\"more-link\" href=\"https:\/\/perleesteticamedica.com\/en\/politicas-de-privacidad\/\">Read more<\/a><\/p>","protected":false},"author":2,"featured_media":0,"parent":0,"menu_order":0,"comment_status":"closed","ping_status":"closed","template":"elementor_header_footer","meta":{"footnotes":""},"_links":{"self":[{"href":"https:\/\/perleesteticamedica.com\/en\/wp-json\/wp\/v2\/pages\/17552"}],"collection":[{"href":"https:\/\/perleesteticamedica.com\/en\/wp-json\/wp\/v2\/pages"}],"about":[{"href":"https:\/\/perleesteticamedica.com\/en\/wp-json\/wp\/v2\/types\/page"}],"author":[{"embeddable":true,"href":"https:\/\/perleesteticamedica.com\/en\/wp-json\/wp\/v2\/users\/2"}],"replies":[{"embeddable":true,"href":"https:\/\/perleesteticamedica.com\/en\/wp-json\/wp\/v2\/comments?post=17552"}],"version-history":[{"count":4,"href":"https:\/\/perleesteticamedica.com\/en\/wp-json\/wp\/v2\/pages\/17552\/revisions"}],"predecessor-version":[{"id":17557,"href":"https:\/\/perleesteticamedica.com\/en\/wp-json\/wp\/v2\/pages\/17552\/revisions\/17557"}],"wp:attachment":[{"href":"https:\/\/perleesteticamedica.com\/en\/wp-json\/wp\/v2\/media?parent=17552"}],"curies":[{"name":"wp","href":"https:\/\/api.w.org\/{rel}","templated":true}]}}