{"id":180,"date":"2024-04-12T23:11:07","date_gmt":"2024-04-12T21:11:07","guid":{"rendered":"https:\/\/perleesteticamedica.com\/?page_id=180"},"modified":"2024-05-26T18:42:19","modified_gmt":"2024-05-26T16:42:19","slug":"contacto","status":"publish","type":"page","link":"https:\/\/perleesteticamedica.com\/en\/contacto\/","title":{"rendered":"Contact"},"content":{"rendered":"<div data-elementor-type=\"wp-page\" data-elementor-id=\"180\" class=\"elementor elementor-180\">\n\t\t\t\t<div class=\"elementor-element elementor-element-5cceecb e-con-full e-flex e-con e-parent\" data-id=\"5cceecb\" data-element_type=\"container\" data-settings=\"{&quot;background_background&quot;:&quot;classic&quot;}\">\n\t\t\t\t<div class=\"elementor-element elementor-element-3ab1903 elementor-widget elementor-widget-heading\" data-id=\"3ab1903\" data-element_type=\"widget\" data-widget_type=\"heading.default\">\n\t\t\t\t<div class=\"elementor-widget-container\">\n\t\t\t\t\t<h2 class=\"elementor-heading-title elementor-size-default\">Contact us and let us take care of you!<\/h2>\t\t\t\t<\/div>\n\t\t\t\t<\/div>\n\t\t\t\t<\/div>\n\t\t\t\t<section class=\"elementor-section elementor-top-section elementor-element elementor-element-b858f8b elementor-section-stretched elementor-section-boxed elementor-section-height-default elementor-section-height-default\" data-id=\"b858f8b\" data-element_type=\"section\" data-settings=\"{&quot;stretch_section&quot;:&quot;section-stretched&quot;,&quot;background_background&quot;:&quot;gradient&quot;}\">\n\t\t\t\t\t\t<div class=\"elementor-container elementor-column-gap-default\">\n\t\t\t\t\t<div class=\"elementor-column elementor-col-50 elementor-top-column elementor-element elementor-element-622026e\" data-id=\"622026e\" data-element_type=\"column\">\n\t\t\t<div class=\"elementor-widget-wrap elementor-element-populated\">\n\t\t\t\t\t\t<section class=\"elementor-section elementor-inner-section elementor-element elementor-element-df59a00 elementor-section-boxed elementor-section-height-default elementor-section-height-default\" data-id=\"df59a00\" data-element_type=\"section\" data-settings=\"{&quot;background_background&quot;:&quot;gradient&quot;}\">\n\t\t\t\t\t\t<div class=\"elementor-container elementor-column-gap-default\">\n\t\t\t\t\t<div class=\"elementor-column elementor-col-100 elementor-inner-column elementor-element elementor-element-5c55edc\" data-id=\"5c55edc\" data-element_type=\"column\">\n\t\t\t<div class=\"elementor-widget-wrap elementor-element-populated\">\n\t\t\t\t\t\t<div class=\"elementor-element elementor-element-384b817 elementor-widget__width-inherit elementor-widget elementor-widget-elementskit-heading\" data-id=\"384b817\" data-element_type=\"widget\" data-widget_type=\"elementskit-heading.default\">\n\t\t\t\t<div class=\"elementor-widget-container\">\n\t\t\t\t\t<div class=\"ekit-wid-con\" ><div class=\"ekit-heading elementskit-section-title-wraper text_left   ekit_heading_tablet-   ekit_heading_mobile-\"><h3 class=\"ekit-heading--title elementskit-section-title\">Contact<\/h3><\/div><\/div>\t\t\t\t<\/div>\n\t\t\t\t<\/div>\n\t\t\t\t<div class=\"elementor-element elementor-element-d1847b6 elementor-widget elementor-widget-text-editor\" data-id=\"d1847b6\" data-element_type=\"widget\" data-widget_type=\"text-editor.default\">\n\t\t\t\t<div class=\"elementor-widget-container\">\n\t\t\t\t\t\t\t\t\t<p>Request an appointment today, provide us with your information and our staff will contact you.<\/p>\t\t\t\t\t\t\t\t<\/div>\n\t\t\t\t<\/div>\n\t\t\t\t<div class=\"elementor-element elementor-element-837b1ad elementor-widget elementor-widget-shortcode\" data-id=\"837b1ad\" data-element_type=\"widget\" data-widget_type=\"shortcode.default\">\n\t\t\t\t<div class=\"elementor-widget-container\">\n\t\t\t\t\t\t\t<div class=\"elementor-shortcode\"><div class=\"wpforms-container\" id=\"wpforms-9481\"><form id=\"wpforms-form-9481\" class=\"wpforms-validate wpforms-form\" data-formid=\"9481\" method=\"post\" enctype=\"multipart\/form-data\" action=\"\/en\/wp-json\/wp\/v2\/pages\/180\" data-token=\"0897d17337342b46c188621e371643b3\" data-token-time=\"1776857791\" data-trp-original-action=\"\/en\/wp-json\/wp\/v2\/pages\/180\"><noscript class=\"wpforms-error-noscript\">Please enable JavaScript in your browser to complete this form.<\/noscript><div class=\"wpforms-field-container\"><div id=\"wpforms-9481-field_2-container\" class=\"wpforms-field wpforms-field-name\" data-field-id=\"2\"><label class=\"wpforms-field-label wpforms-label-hide\" for=\"wpforms-9481-field_2\">Name <span class=\"wpforms-required-label\">*<\/span><\/label><input type=\"text\" id=\"wpforms-9481-field_2\" class=\"wpforms-field-large wpforms-field-required\" name=\"wpforms[fields][2]\" placeholder=\"Name\" required><\/div><div id=\"wpforms-9481-field_5-container\" class=\"wpforms-field wpforms-field-select wpforms-field-select-style-classic\" data-field-id=\"5\"><label class=\"wpforms-field-label wpforms-label-hide\" for=\"wpforms-9481-field_5\">Service of interest<\/label><select id=\"wpforms-9481-field_5\" class=\"wpforms-field-large\" name=\"wpforms[fields][5]\"><option value=\"\" class=\"placeholder\" disabled selected='selected'>Service of interest<\/option><option value=\"Co2 L\u00e1ser \u201cCool Peel\u201d\" >Co2 Laser \u201cCool Peel\u201d<\/option><option value=\"Morpheus8\" >Morpheus8<\/option><option value=\"Exosomas\" >Exosomes<\/option><option value=\"Subnovii\" >Subnovii<\/option><option value=\"Forma\" >Forma<\/option><option value=\"Alma Opus Plasma\" >Alma Opus Plasma<\/option><option value=\"Rellenos D\u00e9rmicos (Fillers)\" >Dermal Fillers<\/option><option value=\"Sculptra\" >Sculptra<\/option><option value=\"Daxxify\" >Daxxify<\/option><option value=\"Botox\" >Botox<\/option><option value=\"Plasma Rico En Plaquetas (PRP)\" >Platelet Rich Plasma (PRP)<\/option><option value=\"Discovery Pico Laser\" >Discovery Pico Laser<\/option><option value=\"Exfoliaci\u00f3n Qu\u00edmica\" >Chemical Exfoliation<\/option><option value=\"Lumecca\" >Lumecca<\/option><option value=\"Votiva\" >Votiva<\/option><option value=\"V Tone\" >V Tone<\/option><option value=\"Reemplazo Hormonal (Hombres Tambi\u00e9n)\" >Hormone Replacement (Men Too)<\/option><option value=\"Skin Analyzer\" >Skin Analyzer<\/option><option value=\"Facetite\/Necktite\" >Facetite\/Necktite<\/option><option value=\"Hydrafacial Md\" >Hydrafacial Md<\/option><option value=\"Escleroterapia (Spider Veins)\" >Sclerotherapy<\/option><option value=\"Esclero L\u00e1ser\" >Laser Sclero<\/option><option value=\"Microagujas\" >Microneedling<\/option><option value=\"Depilaci\u00f3n L\u00e1ser\" >Laser depilation<\/option><option value=\"Terapia Nutricional Intravenosa\" >Intravenous Nutritional Therapy<\/option><option value=\"Bodytite\" >Bodytite<\/option><option value=\"Tone\" >Tone<\/option><option value=\"Morpheus Body\" >Morpheus Body<\/option><option value=\"Body Fx\" >Body Fx<\/option><option value=\"M.A.D\" >M.A.D<\/option><option value=\"Colorescience\" >Colorescience<\/option><option value=\"Biopelle\" >Biopelle<\/option><option value=\"Emepelle\" >Emepelle<\/option><\/select><\/div><div id=\"wpforms-9481-field_1-container\" class=\"wpforms-field wpforms-field-email\" data-field-id=\"1\"><label class=\"wpforms-field-label wpforms-label-hide\" for=\"wpforms-9481-field_1\">Email <span class=\"wpforms-required-label\">*<\/span><\/label><input type=\"email\" id=\"wpforms-9481-field_1\" class=\"wpforms-field-large wpforms-field-required\" name=\"wpforms[fields][1]\" placeholder=\"Email\" spellcheck=\"false\" required><\/div><div id=\"wpforms-9481-field_4-container\" class=\"wpforms-field wpforms-field-number\" data-field-id=\"4\"><label class=\"wpforms-field-label wpforms-label-hide\" for=\"wpforms-9481-field_4\">Phone<\/label><input type=\"number\" id=\"wpforms-9481-field_4\" class=\"wpforms-field-large\" name=\"wpforms[fields][4]\" placeholder=\"Phone\" step=\"any\" ><\/div><div id=\"wpforms-9481-field_0-container\" class=\"wpforms-field wpforms-field-textarea\" data-field-id=\"0\"><label class=\"wpforms-field-label wpforms-label-hide\" for=\"wpforms-9481-field_0\">Paragraph Text<\/label><textarea id=\"wpforms-9481-field_0\" class=\"wpforms-field-large\" name=\"wpforms[fields][0]\" placeholder=\"Message\" ><\/textarea><\/div><\/div><!-- .wpforms-field-container --><div class=\"wpforms-field wpforms-field-hp\"><label for=\"wpforms-9481-field-hp\" class=\"wpforms-field-label\">Email<\/label><input type=\"text\" name=\"wpforms[hp]\" id=\"wpforms-9481-field-hp\" class=\"wpforms-field-medium\"><\/div><div class=\"wpforms-submit-container\" ><input type=\"hidden\" name=\"wpforms[id]\" value=\"9481\"><input type=\"hidden\" name=\"page_title\" value=\"\"><input type=\"hidden\" name=\"page_url\" value=\"https:\/\/perleesteticamedica.com\/en\/wp-json\/wp\/v2\/pages\/180\"><input type=\"hidden\" name=\"url_referer\" value=\"\"><button type=\"submit\" name=\"wpforms[submit]\" id=\"wpforms-submit-9481\" class=\"wpforms-submit\" data-alt-text=\"Enviando\" data-submit-text=\"Enviar\" aria-live=\"assertive\" value=\"wpforms-submit\">Send<\/button><\/div><input type=\"hidden\" name=\"trp-form-language\" value=\"en\"\/><\/form><\/div>  <!-- .wpforms-container --><\/div>\n\t\t\t\t\t\t<\/div>\n\t\t\t\t<\/div>\n\t\t\t\t\t<\/div>\n\t\t<\/div>\n\t\t\t\t\t<\/div>\n\t\t<\/section>\n\t\t\t\t<div class=\"elementor-element elementor-element-deab87e elementor-absolute elementor-widget__width-initial elementor-widget elementor-widget-image\" data-id=\"deab87e\" data-element_type=\"widget\" data-settings=\"{&quot;_position&quot;:&quot;absolute&quot;}\" data-widget_type=\"image.default\">\n\t\t\t\t<div class=\"elementor-widget-container\">\n\t\t\t\t\t\t\t\t\t\t\t\t\t\t\t<img fetchpriority=\"high\" decoding=\"async\" width=\"1000\" height=\"985\" src=\"https:\/\/perleesteticamedica.com\/wp-content\/uploads\/2024\/04\/effect2.png\" class=\"attachment-full size-full wp-image-15284\" alt=\"\" srcset=\"https:\/\/perleesteticamedica.com\/wp-content\/uploads\/2024\/04\/effect2.png 1000w, https:\/\/perleesteticamedica.com\/wp-content\/uploads\/2024\/04\/effect2-300x296.png 300w, https:\/\/perleesteticamedica.com\/wp-content\/uploads\/2024\/04\/effect2-768x756.png 768w\" sizes=\"(max-width: 1000px) 100vw, 1000px\" \/>\t\t\t\t\t\t\t\t\t\t\t\t\t\t\t<\/div>\n\t\t\t\t<\/div>\n\t\t\t\t<div class=\"elementor-element elementor-element-7079d2b elementor-absolute elementor-widget__width-initial elementor-widget elementor-widget-image\" data-id=\"7079d2b\" data-element_type=\"widget\" data-settings=\"{&quot;_position&quot;:&quot;absolute&quot;}\" data-widget_type=\"image.default\">\n\t\t\t\t<div class=\"elementor-widget-container\">\n\t\t\t\t\t\t\t\t\t\t\t\t\t\t\t<img decoding=\"async\" width=\"847\" height=\"1280\" src=\"https:\/\/perleesteticamedica.com\/wp-content\/uploads\/2024\/04\/LOGO-PERLE-EN-PNG-1-1.png\" class=\"attachment-full size-full wp-image-16027\" alt=\"\" srcset=\"https:\/\/perleesteticamedica.com\/wp-content\/uploads\/2024\/04\/LOGO-PERLE-EN-PNG-1-1.png 847w, https:\/\/perleesteticamedica.com\/wp-content\/uploads\/2024\/04\/LOGO-PERLE-EN-PNG-1-1-199x300.png 199w, https:\/\/perleesteticamedica.com\/wp-content\/uploads\/2024\/04\/LOGO-PERLE-EN-PNG-1-1-678x1024.png 678w, https:\/\/perleesteticamedica.com\/wp-content\/uploads\/2024\/04\/LOGO-PERLE-EN-PNG-1-1-768x1161.png 768w\" sizes=\"(max-width: 847px) 100vw, 847px\" \/>\t\t\t\t\t\t\t\t\t\t\t\t\t\t\t<\/div>\n\t\t\t\t<\/div>\n\t\t\t\t<div class=\"elementor-element elementor-element-9c24e4e elementor-absolute elementor-widget__width-initial elementor-widget elementor-widget-image\" data-id=\"9c24e4e\" data-element_type=\"widget\" data-settings=\"{&quot;_position&quot;:&quot;absolute&quot;}\" data-widget_type=\"image.default\">\n\t\t\t\t<div class=\"elementor-widget-container\">\n\t\t\t\t\t\t\t\t\t\t\t\t\t\t\t<img fetchpriority=\"high\" decoding=\"async\" width=\"1000\" height=\"985\" src=\"https:\/\/perleesteticamedica.com\/wp-content\/uploads\/2024\/04\/effect2.png\" class=\"attachment-full size-full wp-image-15284\" alt=\"\" srcset=\"https:\/\/perleesteticamedica.com\/wp-content\/uploads\/2024\/04\/effect2.png 1000w, https:\/\/perleesteticamedica.com\/wp-content\/uploads\/2024\/04\/effect2-300x296.png 300w, https:\/\/perleesteticamedica.com\/wp-content\/uploads\/2024\/04\/effect2-768x756.png 768w\" sizes=\"(max-width: 1000px) 100vw, 1000px\" \/>\t\t\t\t\t\t\t\t\t\t\t\t\t\t\t<\/div>\n\t\t\t\t<\/div>\n\t\t\t\t\t<\/div>\n\t\t<\/div>\n\t\t\t\t<div class=\"elementor-column elementor-col-50 elementor-top-column elementor-element elementor-element-9af7aea\" data-id=\"9af7aea\" data-element_type=\"column\">\n\t\t\t<div class=\"elementor-widget-wrap elementor-element-populated\">\n\t\t\t\t\t\t<section class=\"elementor-section elementor-inner-section elementor-element elementor-element-6861997 elementor-section-boxed elementor-section-height-default elementor-section-height-default\" data-id=\"6861997\" data-element_type=\"section\" data-settings=\"{&quot;background_background&quot;:&quot;gradient&quot;}\">\n\t\t\t\t\t\t<div class=\"elementor-container elementor-column-gap-default\">\n\t\t\t\t\t<div class=\"elementor-column elementor-col-100 elementor-inner-column elementor-element elementor-element-6f41133\" data-id=\"6f41133\" data-element_type=\"column\">\n\t\t\t<div class=\"elementor-widget-wrap elementor-element-populated\">\n\t\t\t\t\t\t<div class=\"elementor-element elementor-element-f5ddbbe elementor-widget__width-inherit elementor-widget elementor-widget-heading\" data-id=\"f5ddbbe\" data-element_type=\"widget\" data-widget_type=\"heading.default\">\n\t\t\t\t<div class=\"elementor-widget-container\">\n\t\t\t\t\t<h2 class=\"elementor-heading-title elementor-size-default\">Mayag\u00fcez<\/h2>\t\t\t\t<\/div>\n\t\t\t\t<\/div>\n\t\t\t\t<div class=\"elementor-element elementor-element-9776d61 elementor-widget elementor-widget-text-editor\" data-id=\"9776d61\" data-element_type=\"widget\" data-widget_type=\"text-editor.default\">\n\t\t\t\t<div class=\"elementor-widget-container\">\n\t\t\t\t\t\t\t\t\t<p>351 Av. Hostos Medical Emporium I, Suite 109<br \/><a style=\"color: #fff; text-decoration: underline;\" href=\"tel:7878324422\">(787) 832-4422<\/a><\/p>\t\t\t\t\t\t\t\t<\/div>\n\t\t\t\t<\/div>\n\t\t\t\t\t<\/div>\n\t\t<\/div>\n\t\t\t\t\t<\/div>\n\t\t<\/section>\n\t\t\t\t<section class=\"elementor-section elementor-inner-section elementor-element elementor-element-cbc89de elementor-section-boxed elementor-section-height-default elementor-section-height-default\" data-id=\"cbc89de\" data-element_type=\"section\" data-settings=\"{&quot;background_background&quot;:&quot;gradient&quot;}\">\n\t\t\t\t\t\t<div class=\"elementor-container elementor-column-gap-default\">\n\t\t\t\t\t<div class=\"elementor-column elementor-col-100 elementor-inner-column elementor-element elementor-element-cb0639c\" data-id=\"cb0639c\" data-element_type=\"column\">\n\t\t\t<div class=\"elementor-widget-wrap elementor-element-populated\">\n\t\t\t\t\t\t<div class=\"elementor-element elementor-element-661ddcc elementor-widget__width-inherit elementor-widget elementor-widget-heading\" data-id=\"661ddcc\" data-element_type=\"widget\" data-widget_type=\"heading.default\">\n\t\t\t\t<div class=\"elementor-widget-container\">\n\t\t\t\t\t<h2 class=\"elementor-heading-title elementor-size-default\">Yauco<\/h2>\t\t\t\t<\/div>\n\t\t\t\t<\/div>\n\t\t\t\t<div class=\"elementor-element elementor-element-0254c95 elementor-widget elementor-widget-text-editor\" data-id=\"0254c95\" data-element_type=\"widget\" data-widget_type=\"text-editor.default\">\n\t\t\t\t<div class=\"elementor-widget-container\">\n\t\t\t\t\t\t\t\t\t<p><span style=\"font-weight: 400;\">Dr. Gatell Street, Corner Santiago Vivaldi #1<br \/><\/span><span style=\"font-weight: 400;\">Second floor<br \/><\/span><a style=\"color: #fff; text-decoration: underline;\" href=\"tel:7879867678\">(787) 986-7678<\/a><\/p>\t\t\t\t\t\t\t\t<\/div>\n\t\t\t\t<\/div>\n\t\t\t\t\t<\/div>\n\t\t<\/div>\n\t\t\t\t\t<\/div>\n\t\t<\/section>\n\t\t\t\t<section class=\"elementor-section elementor-inner-section elementor-element elementor-element-69a76a0 elementor-section-boxed elementor-section-height-default elementor-section-height-default\" data-id=\"69a76a0\" data-element_type=\"section\" data-settings=\"{&quot;background_background&quot;:&quot;gradient&quot;}\">\n\t\t\t\t\t\t<div class=\"elementor-container elementor-column-gap-default\">\n\t\t\t\t\t<div class=\"elementor-column elementor-col-50 elementor-inner-column elementor-element elementor-element-0dc191f\" data-id=\"0dc191f\" data-element_type=\"column\">\n\t\t\t<div class=\"elementor-widget-wrap elementor-element-populated\">\n\t\t\t\t\t\t<div class=\"elementor-element elementor-element-1d54318 elementor-widget elementor-widget-image\" data-id=\"1d54318\" data-element_type=\"widget\" data-widget_type=\"image.default\">\n\t\t\t\t<div class=\"elementor-widget-container\">\n\t\t\t\t\t\t\t\t\t\t\t\t\t\t\t\t<a href=\"https:\/\/wa.me\/17879088559\">\n\t\t\t\t\t\t\t<img decoding=\"async\" width=\"80\" height=\"80\" src=\"https:\/\/perleesteticamedica.com\/wp-content\/uploads\/2024\/05\/WhatsApp_icon-1.png\" class=\"attachment-thumbnail size-thumbnail wp-image-18156\" alt=\"\" srcset=\"https:\/\/perleesteticamedica.com\/wp-content\/uploads\/2024\/05\/WhatsApp_icon-1.png 80w, https:\/\/perleesteticamedica.com\/wp-content\/uploads\/2024\/05\/WhatsApp_icon-1-12x12.png 12w\" sizes=\"(max-width: 80px) 100vw, 80px\" \/>\t\t\t\t\t\t\t\t<\/a>\n\t\t\t\t\t\t\t\t\t\t\t\t\t\t\t<\/div>\n\t\t\t\t<\/div>\n\t\t\t\t\t<\/div>\n\t\t<\/div>\n\t\t\t\t<div class=\"elementor-column elementor-col-50 elementor-inner-column elementor-element elementor-element-5650b2d\" data-id=\"5650b2d\" data-element_type=\"column\">\n\t\t\t<div class=\"elementor-widget-wrap elementor-element-populated\">\n\t\t\t\t\t\t<div class=\"elementor-element elementor-element-6c271ef elementor-widget__width-inherit elementor-widget elementor-widget-heading\" data-id=\"6c271ef\" data-element_type=\"widget\" data-widget_type=\"heading.default\">\n\t\t\t\t<div class=\"elementor-widget-container\">\n\t\t\t\t\t<h2 class=\"elementor-heading-title elementor-size-default\">WhatsApp<\/h2>\t\t\t\t<\/div>\n\t\t\t\t<\/div>\n\t\t\t\t\t<\/div>\n\t\t<\/div>\n\t\t\t\t\t<\/div>\n\t\t<\/section>\n\t\t\t\t\t<\/div>\n\t\t<\/div>\n\t\t\t\t\t<\/div>\n\t\t<\/section>\n\t\t\t\t<\/div>","protected":false},"excerpt":{"rendered":"<p>\u00a1Cont\u00e1ctanos y d\u00e9janos cuidar de ti! Contacto Solicita cita hoy, br\u00edndanos tu informaci\u00f3n y nuestro personal se comunicar\u00e1 contigo. Mayag\u00fcez&hellip;<\/p>\n<p> <a class=\"more-link\" href=\"https:\/\/perleesteticamedica.com\/en\/contacto\/\">Read more<\/a><\/p>","protected":false},"author":2,"featured_media":0,"parent":0,"menu_order":0,"comment_status":"closed","ping_status":"closed","template":"elementor_header_footer","meta":{"footnotes":""},"_links":{"self":[{"href":"https:\/\/perleesteticamedica.com\/en\/wp-json\/wp\/v2\/pages\/180"}],"collection":[{"href":"https:\/\/perleesteticamedica.com\/en\/wp-json\/wp\/v2\/pages"}],"about":[{"href":"https:\/\/perleesteticamedica.com\/en\/wp-json\/wp\/v2\/types\/page"}],"author":[{"embeddable":true,"href":"https:\/\/perleesteticamedica.com\/en\/wp-json\/wp\/v2\/users\/2"}],"replies":[{"embeddable":true,"href":"https:\/\/perleesteticamedica.com\/en\/wp-json\/wp\/v2\/comments?post=180"}],"version-history":[{"count":142,"href":"https:\/\/perleesteticamedica.com\/en\/wp-json\/wp\/v2\/pages\/180\/revisions"}],"predecessor-version":[{"id":18165,"href":"https:\/\/perleesteticamedica.com\/en\/wp-json\/wp\/v2\/pages\/180\/revisions\/18165"}],"wp:attachment":[{"href":"https:\/\/perleesteticamedica.com\/en\/wp-json\/wp\/v2\/media?parent=180"}],"curies":[{"name":"wp","href":"https:\/\/api.w.org\/{rel}","templated":true}]}}